{"id":1435,"date":"2026-02-17T13:10:53","date_gmt":"2026-02-17T12:10:53","guid":{"rendered":"https:\/\/bioaqua.de\/?page_id=1435"},"modified":"2026-02-17T13:10:53","modified_gmt":"2026-02-17T12:10:53","slug":"mineralizacion","status":"publish","type":"page","link":"https:\/\/bioaqua.de\/es\/mineralizacion\/","title":{"rendered":"Mineralizaci\u00f3n"},"content":{"rendered":"\t\t<div data-elementor-type=\"wp-page\" data-elementor-id=\"1435\" class=\"elementor elementor-1435 elementor-906\">\n\t\t\t\t\t\t<section class=\"elementor-section elementor-top-section elementor-element elementor-element-3f67c0e2 elementor-section-full_width elementor-section-height-default elementor-section-height-default\" data-id=\"3f67c0e2\" data-element_type=\"section\" data-e-type=\"section\">\n\t\t\t\t\t\t<div class=\"elementor-container elementor-column-gap-no\">\n\t\t\t\t\t<div class=\"elementor-column elementor-col-100 elementor-top-column elementor-element elementor-element-69bcc636\" data-id=\"69bcc636\" data-element_type=\"column\" data-e-type=\"column\">\n\t\t\t<div class=\"elementor-widget-wrap elementor-element-populated\">\n\t\t\t\t\t\t<div class=\"elementor-element elementor-element-d85e7a7 elementor-arrows-position-inside elementor-pagination-position-outside elementor-widget elementor-widget-image-carousel\" data-id=\"d85e7a7\" data-element_type=\"widget\" data-e-type=\"widget\" data-settings=\"{&quot;slides_to_show&quot;:&quot;1&quot;,&quot;navigation&quot;:&quot;both&quot;,&quot;autoplay&quot;:&quot;yes&quot;,&quot;pause_on_hover&quot;:&quot;yes&quot;,&quot;pause_on_interaction&quot;:&quot;yes&quot;,&quot;autoplay_speed&quot;:5000,&quot;infinite&quot;:&quot;yes&quot;,&quot;effect&quot;:&quot;slide&quot;,&quot;speed&quot;:500}\" data-widget_type=\"image-carousel.default\">\n\t\t\t\t<div class=\"elementor-widget-container\">\n\t\t\t\t\t\t\t<div class=\"elementor-image-carousel-wrapper swiper\" role=\"region\" aria-roledescription=\"carousel\" aria-label=\"Bild Karussell\" dir=\"ltr\">\n\t\t\t<div class=\"elementor-image-carousel swiper-wrapper swiper-image-stretch\" aria-live=\"off\">\n\t\t\t\t\t\t\t\t<div class=\"swiper-slide\" role=\"group\" aria-roledescription=\"slide\" aria-label=\"1 de 1\"><figure class=\"swiper-slide-inner\"><img decoding=\"async\" class=\"swiper-slide-image\" src=\"https:\/\/bioaqua.de\/wp-content\/uploads\/2020\/04\/Mineralisieren.jpg\" alt=\"Mineralizaci\u00f3n\" \/><\/figure><\/div>\t\t\t<\/div>\n\t\t\t\t\t<\/div>\n\t\t\t\t\t\t<\/div>\n\t\t\t\t<\/div>\n\t\t\t\t\t<\/div>\n\t\t<\/div>\n\t\t\t\t\t<\/div>\n\t\t<\/section>\n\t\t\t\t<section class=\"elementor-section elementor-top-section elementor-element elementor-element-e9097ca elementor-section-boxed elementor-section-height-default elementor-section-height-default\" data-id=\"e9097ca\" data-element_type=\"section\" data-e-type=\"section\">\n\t\t\t\t\t\t<div class=\"elementor-container elementor-column-gap-default\">\n\t\t\t\t\t<div class=\"elementor-column elementor-col-100 elementor-top-column elementor-element elementor-element-5930b4c\" data-id=\"5930b4c\" data-element_type=\"column\" data-e-type=\"column\">\n\t\t\t<div class=\"elementor-widget-wrap elementor-element-populated\">\n\t\t\t\t\t\t<div class=\"elementor-element elementor-element-042c6f1 elementor-widget elementor-widget-heading\" data-id=\"042c6f1\" data-element_type=\"widget\" data-e-type=\"widget\" data-widget_type=\"heading.default\">\n\t\t\t\t<div class=\"elementor-widget-container\">\n\t\t\t\t\t<h1 class=\"elementor-heading-title elementor-size-default\">Mineralizaci\u00f3n con los minerales naturales m\u00e1s valiosos<\/h1>\t\t\t\t<\/div>\n\t\t\t\t<\/div>\n\t\t\t\t<div class=\"elementor-element elementor-element-c543ccd elementor-widget elementor-widget-text-editor\" data-id=\"c543ccd\" data-element_type=\"widget\" data-e-type=\"widget\" data-widget_type=\"text-editor.default\">\n\t\t\t\t<div class=\"elementor-widget-container\">\n\t\t\t\t\t\t\t\t\t<p>En el ciclo natural del agua, el agua purificada regresa al suelo con la lluvia y entra en contacto con capas de roca y minerales. En la segunda etapa del sistema BioAqua, el agua purificada fluye a trav\u00e9s de una capa de los minerales naturales m\u00e1s valiosos, que consiste en:<\/p><p><img decoding=\"async\" class=\"emoji\" role=\"img\" draggable=\"false\" src=\"https:\/\/s.w.org\/images\/core\/emoji\/17.0.2\/svg\/2705.svg\" alt=\"\u2705\">Calcio, magnesio, potasio y sodio<br><img decoding=\"async\" class=\"emoji\" role=\"img\" draggable=\"false\" src=\"https:\/\/s.w.org\/images\/core\/emoji\/17.0.2\/svg\/2705.svg\" alt=\"\u2705\">Roca y carb\u00f3n activado<br><img decoding=\"async\" class=\"emoji\" role=\"img\" draggable=\"false\" src=\"https:\/\/s.w.org\/images\/core\/emoji\/17.0.2\/svg\/2705.svg\" alt=\"\u2705\">Cartucho con aumento de pH<\/p>\t\t\t\t\t\t\t\t<\/div>\n\t\t\t\t<\/div>\n\t\t\t\t\t<\/div>\n\t\t<\/div>\n\t\t\t\t\t<\/div>\n\t\t<\/section>\n\t\t\t\t<section class=\"elementor-section elementor-top-section elementor-element elementor-element-126bb1f2 elementor-section-stretched elementor-section-boxed elementor-section-height-default elementor-section-height-default\" data-id=\"126bb1f2\" data-element_type=\"section\" data-e-type=\"section\" id=\"dental_contact_form\" data-settings=\"{&quot;stretch_section&quot;:&quot;section-stretched&quot;,&quot;background_background&quot;:&quot;classic&quot;}\">\n\t\t\t\t\t\t<div class=\"elementor-container elementor-column-gap-default\">\n\t\t\t\t\t<div class=\"elementor-column elementor-col-33 elementor-top-column elementor-element elementor-element-1679f08d\" data-id=\"1679f08d\" data-element_type=\"column\" data-e-type=\"column\">\n\t\t\t<div class=\"elementor-widget-wrap\">\n\t\t\t\t\t\t\t<\/div>\n\t\t<\/div>\n\t\t\t\t<div class=\"elementor-column elementor-col-33 elementor-top-column elementor-element elementor-element-3453835\" data-id=\"3453835\" data-element_type=\"column\" data-e-type=\"column\" data-settings=\"{&quot;background_background&quot;:&quot;classic&quot;}\">\n\t\t\t<div class=\"elementor-widget-wrap elementor-element-populated\">\n\t\t\t\t\t\t<div class=\"elementor-element elementor-element-4e8baf90 elementor-widget elementor-widget-heading\" data-id=\"4e8baf90\" data-element_type=\"widget\" data-e-type=\"widget\" data-widget_type=\"heading.default\">\n\t\t\t\t<div class=\"elementor-widget-container\">\n\t\t\t\t\t<h3 class=\"elementor-heading-title elementor-size-default\">\u00bfTienes alguna pregunta? \u00a1Estamos aqu\u00ed para ti!<\/h3>\t\t\t\t<\/div>\n\t\t\t\t<\/div>\n\t\t\t\t<div class=\"elementor-element elementor-element-57f44fac elementor-widget elementor-widget-shortcode\" data-id=\"57f44fac\" data-element_type=\"widget\" data-e-type=\"widget\" data-widget_type=\"shortcode.default\">\n\t\t\t\t<div class=\"elementor-widget-container\">\n\t\t\t\t\t\t\t<div class=\"elementor-shortcode\"><div class=\"wpforms-container \" id=\"wpforms-30\"><form id=\"wpforms-form-30\" class=\"wpforms-validate wpforms-form\" data-formid=\"30\" method=\"post\" enctype=\"multipart\/form-data\" action=\"\/es\/wp-json\/wp\/v2\/pages\/1435\" data-token=\"d3052f015c0ca113d5bb1e7be04d4485\" data-token-time=\"1775517254\"><noscript class=\"wpforms-error-noscript\">Por favor, activa JavaScript en tu navegador para completar este formulario.<\/noscript><div class=\"wpforms-field-container\"><div id=\"wpforms-30-field_0-container\" class=\"wpforms-field wpforms-field-name\" data-field-id=\"0\"><label class=\"wpforms-field-label wpforms-label-hide\" for=\"wpforms-30-field_0\">Nombre <span class=\"wpforms-required-label\">*<\/span><\/label><input type=\"text\" id=\"wpforms-30-field_0\" class=\"wpforms-field-large wpforms-field-required\" name=\"wpforms[fields][0]\" placeholder=\"Tu nombre\" required><\/div>\t\t<div id=\"wpforms-30-field_4-container\"\n\t\t\tclass=\"wpforms-field wpforms-field-text\"\n\t\t\tdata-field-type=\"text\"\n\t\t\tdata-field-id=\"4\"\n\t\t\t>\n\t\t\t<label class=\"wpforms-field-label\" for=\"wpforms-30-field_4\" >N\u00famero de Consulta<\/label>\n\t\t\t<input type=\"text\" id=\"wpforms-30-field_4\" class=\"wpforms-field-medium\" name=\"wpforms[fields][4]\" >\n\t\t<\/div>\n\t\t<div id=\"wpforms-30-field_1-container\" class=\"wpforms-field wpforms-field-email\" data-field-id=\"1\"><label class=\"wpforms-field-label wpforms-label-hide\" for=\"wpforms-30-field_1\">Direcci\u00f3n de correo electr\u00f3nico <span class=\"wpforms-required-label\">*<\/span><\/label><input type=\"email\" id=\"wpforms-30-field_1\" class=\"wpforms-field-large wpforms-field-required\" name=\"wpforms[fields][1]\" placeholder=\"Tu direcci\u00f3n de correo electr\u00f3nico\" spellcheck=\"false\" required><\/div><div id=\"wpforms-30-field_3-container\" class=\"wpforms-field wpforms-field-text\" data-field-id=\"3\"><label class=\"wpforms-field-label wpforms-label-hide\" for=\"wpforms-30-field_3\">N\u00famero de tel\u00e9fono<\/label><input type=\"text\" id=\"wpforms-30-field_3\" class=\"wpforms-field-large\" name=\"wpforms[fields][3]\" placeholder=\"Tu n\u00famero de tel\u00e9fono (por si quieres que te devuelvan la llamada)\" ><\/div><div id=\"wpforms-30-field_2-container\" class=\"wpforms-field wpforms-field-textarea\" data-field-id=\"2\"><label class=\"wpforms-field-label wpforms-label-hide\" for=\"wpforms-30-field_2\">Tu mensaje \/ Consulta <span class=\"wpforms-required-label\">*<\/span><\/label><textarea id=\"wpforms-30-field_2\" class=\"wpforms-field-large wpforms-field-required\" name=\"wpforms[fields][2]\" placeholder=\"Tu mensaje \/ Consulta\" required><\/textarea><\/div><script>\n\t\t\t\t( function() {\n\t\t\t\t\tconst style = document.createElement( 'style' );\n\t\t\t\t\tstyle.appendChild( document.createTextNode( '#wpforms-30-field_4-container { position: absolute !important; overflow: hidden !important; display: inline !important; height: 1px !important; width: 1px !important; z-index: -1000 !important; padding: 0 !important; } #wpforms-30-field_4-container input { visibility: hidden; } #wpforms-conversational-form-page #wpforms-30-field_4-container label { counter-increment: none; }' ) );\n\t\t\t\t\tdocument.head.appendChild( style );\n\t\t\t\t\tdocument.currentScript?.remove();\n\t\t\t\t} )();\n\t\t\t<\/script><\/div><!-- .wpforms-field-container --><div class=\"wpforms-field wpforms-field-hp\"><label for=\"wpforms-30-field-hp\" class=\"wpforms-field-label\">Phone<\/label><input type=\"text\" name=\"wpforms[hp]\" id=\"wpforms-30-field-hp\" class=\"wpforms-field-medium\"><\/div><div class=\"wpforms-submit-container\" ><input type=\"hidden\" name=\"wpforms[id]\" value=\"30\"><input type=\"hidden\" name=\"page_title\" value=\"\"><input type=\"hidden\" name=\"page_url\" value=\"https:\/\/bioaqua.de\/es\/wp-json\/wp\/v2\/pages\/1435\"><input type=\"hidden\" name=\"url_referer\" value=\"\"><button type=\"submit\" name=\"wpforms[submit]\" id=\"wpforms-submit-30\" class=\"wpforms-submit\" data-alt-text=\"Env\u00edo...\" data-submit-text=\"ENVIAR\" aria-live=\"assertive\" value=\"wpforms-submit\">ENVIAR<\/button><\/div><\/form><\/div>  <!-- .wpforms-container --><\/div>\n\t\t\t\t\t\t<\/div>\n\t\t\t\t<\/div>\n\t\t\t\t\t<\/div>\n\t\t<\/div>\n\t\t\t\t<div class=\"elementor-column elementor-col-33 elementor-top-column elementor-element elementor-element-4a98e55e\" data-id=\"4a98e55e\" data-element_type=\"column\" data-e-type=\"column\">\n\t\t\t<div class=\"elementor-widget-wrap\">\n\t\t\t\t\t\t\t<\/div>\n\t\t<\/div>\n\t\t\t\t\t<\/div>\n\t\t<\/section>\n\t\t\t\t<\/div>\n\t\t","protected":false},"excerpt":{"rendered":"<p>Mineralizaci\u00f3n con los minerales naturales m\u00e1s valiosos En el ciclo natural del agua, el agua purificada regresa al suelo con la lluvia y entra en contacto con capas de roca y minerales. En la segunda etapa del sistema BioAqua, el agua purificada fluye a trav\u00e9s de una capa de los minerales naturales m\u00e1s valiosos, que [&hellip;]<\/p>\n","protected":false},"author":2,"featured_media":0,"parent":0,"menu_order":30,"comment_status":"closed","ping_status":"closed","template":"","meta":{"site-sidebar-layout":"default","site-content-layout":"default","ast-site-content-layout":"default","site-content-style":"default","site-sidebar-style":"default","ast-global-header-display":"","ast-banner-title-visibility":"","ast-main-header-display":"","ast-hfb-above-header-display":"","ast-hfb-below-header-display":"","ast-hfb-mobile-header-display":"","site-post-title":"disabled","ast-breadcrumbs-content":"","ast-featured-img":"disabled","footer-sml-layout":"","ast-disable-related-posts":"","theme-transparent-header-meta":"default","adv-header-id-meta":"","stick-header-meta":"default","header-above-stick-meta":"","header-main-stick-meta":"","header-below-stick-meta":"","astra-migrate-meta-layouts":"default","ast-page-background-enabled":"default","ast-page-background-meta":{"desktop":{"background-color":"","background-image":"","background-repeat":"repeat","background-position":"center center","background-size":"auto","background-attachment":"scroll","background-type":"","background-media":"","overlay-type":"","overlay-color":"","overlay-opacity":"","overlay-gradient":""},"tablet":{"background-color":"","background-image":"","background-repeat":"repeat","background-position":"center center","background-size":"auto","background-attachment":"scroll","background-type":"","background-media":"","overlay-type":"","overlay-color":"","overlay-opacity":"","overlay-gradient":""},"mobile":{"background-color":"","background-image":"","background-repeat":"repeat","background-position":"center center","background-size":"auto","background-attachment":"scroll","background-type":"","background-media":"","overlay-type":"","overlay-color":"","overlay-opacity":"","overlay-gradient":""}},"ast-content-background-meta":{"desktop":{"background-color":"var(--ast-global-color-5)","background-image":"","background-repeat":"repeat","background-position":"center center","background-size":"auto","background-attachment":"scroll","background-type":"","background-media":"","overlay-type":"","overlay-color":"","overlay-opacity":"","overlay-gradient":""},"tablet":{"background-color":"var(--ast-global-color-5)","background-image":"","background-repeat":"repeat","background-position":"center center","background-size":"auto","background-attachment":"scroll","background-type":"","background-media":"","overlay-type":"","overlay-color":"","overlay-opacity":"","overlay-gradient":""},"mobile":{"background-color":"var(--ast-global-color-5)","background-image":"","background-repeat":"repeat","background-position":"center center","background-size":"auto","background-attachment":"scroll","background-type":"","background-media":"","overlay-type":"","overlay-color":"","overlay-opacity":"","overlay-gradient":""}},"footnotes":""},"class_list":["post-1435","page","type-page","status-publish","hentry"],"yoast_head":"<!-- This site is optimized with the Yoast SEO plugin v26.9 - https:\/\/yoast.com\/product\/yoast-seo-wordpress\/ -->\n<title>Mineralizaci\u00f3n - BioAqua - Lebendiges Trinkwasser frei von Schadstoffen<\/title>\n<meta name=\"robots\" content=\"index, follow, max-snippet:-1, max-image-preview:large, max-video-preview:-1\" \/>\n<link rel=\"canonical\" href=\"https:\/\/bioaqua.de\/es\/mineralizacion\/\" \/>\n<meta property=\"og:locale\" content=\"es_ES\" \/>\n<meta property=\"og:type\" content=\"article\" \/>\n<meta property=\"og:title\" content=\"Mineralizaci\u00f3n - BioAqua - Lebendiges Trinkwasser frei von Schadstoffen\" \/>\n<meta property=\"og:description\" content=\"Mineralizaci\u00f3n con los minerales naturales m\u00e1s valiosos En el ciclo natural del agua, el agua purificada regresa al suelo con la lluvia y entra en contacto con capas de roca y minerales. En la segunda etapa del sistema BioAqua, el agua purificada fluye a trav\u00e9s de una capa de los minerales naturales m\u00e1s valiosos, que [&hellip;]\" \/>\n<meta property=\"og:url\" content=\"https:\/\/bioaqua.de\/es\/mineralizacion\/\" \/>\n<meta property=\"og:site_name\" content=\"BioAqua - Lebendiges Trinkwasser frei von Schadstoffen\" \/>\n<meta property=\"og:image\" content=\"https:\/\/bioaqua.de\/wp-content\/uploads\/2020\/04\/Mineralisieren.jpg\" \/>\n<meta name=\"twitter:card\" content=\"summary_large_image\" \/>\n<script type=\"application\/ld+json\" class=\"yoast-schema-graph\">{\"@context\":\"https:\/\/schema.org\",\"@graph\":[{\"@type\":\"WebPage\",\"@id\":\"https:\/\/bioaqua.de\/es\/mineralizacion\/\",\"url\":\"https:\/\/bioaqua.de\/es\/mineralizacion\/\",\"name\":\"Mineralizaci\u00f3n - BioAqua - Lebendiges Trinkwasser frei von Schadstoffen\",\"isPartOf\":{\"@id\":\"https:\/\/bioaqua.de\/es\/#website\"},\"primaryImageOfPage\":{\"@id\":\"https:\/\/bioaqua.de\/es\/mineralizacion\/#primaryimage\"},\"image\":{\"@id\":\"https:\/\/bioaqua.de\/es\/mineralizacion\/#primaryimage\"},\"thumbnailUrl\":\"https:\/\/bioaqua.de\/wp-content\/uploads\/2020\/04\/Mineralisieren.jpg\",\"datePublished\":\"2026-02-17T12:10:53+00:00\",\"breadcrumb\":{\"@id\":\"https:\/\/bioaqua.de\/es\/mineralizacion\/#breadcrumb\"},\"inLanguage\":\"es\",\"potentialAction\":[{\"@type\":\"ReadAction\",\"target\":[\"https:\/\/bioaqua.de\/es\/mineralizacion\/\"]}]},{\"@type\":\"ImageObject\",\"inLanguage\":\"es\",\"@id\":\"https:\/\/bioaqua.de\/es\/mineralizacion\/#primaryimage\",\"url\":\"https:\/\/bioaqua.de\/wp-content\/uploads\/2020\/04\/Mineralisieren.jpg\",\"contentUrl\":\"https:\/\/bioaqua.de\/wp-content\/uploads\/2020\/04\/Mineralisieren.jpg\"},{\"@type\":\"BreadcrumbList\",\"@id\":\"https:\/\/bioaqua.de\/es\/mineralizacion\/#breadcrumb\",\"itemListElement\":[{\"@type\":\"ListItem\",\"position\":1,\"name\":\"Startseite\",\"item\":\"https:\/\/bioaqua.de\/es\/\"},{\"@type\":\"ListItem\",\"position\":2,\"name\":\"Mineralizaci\u00f3n\"}]},{\"@type\":\"WebSite\",\"@id\":\"https:\/\/bioaqua.de\/es\/#website\",\"url\":\"https:\/\/bioaqua.de\/es\/\",\"name\":\"BioAqua - Lebendiges Trinkwasser frei von Schadstoffen\",\"description\":\"Trinkwasseraufbereitung nach dem Vorbild der Natur f\u00fcr Haushalt und Gewerbe\",\"publisher\":{\"@id\":\"https:\/\/bioaqua.de\/es\/#organization\"},\"potentialAction\":[{\"@type\":\"SearchAction\",\"target\":{\"@type\":\"EntryPoint\",\"urlTemplate\":\"https:\/\/bioaqua.de\/es\/?s={search_term_string}\"},\"query-input\":{\"@type\":\"PropertyValueSpecification\",\"valueRequired\":true,\"valueName\":\"search_term_string\"}}],\"inLanguage\":\"es\"},{\"@type\":\"Organization\",\"@id\":\"https:\/\/bioaqua.de\/es\/#organization\",\"name\":\"BioAqua - Lebendiges Trinkwasser frei von Schadstoffen\",\"url\":\"https:\/\/bioaqua.de\/es\/\",\"logo\":{\"@type\":\"ImageObject\",\"inLanguage\":\"es\",\"@id\":\"https:\/\/bioaqua.de\/es\/#\/schema\/logo\/image\/\",\"url\":\"https:\/\/bioaqua.de\/wp-content\/uploads\/2019\/09\/bioaqua-logo-350.jpg\",\"contentUrl\":\"https:\/\/bioaqua.de\/wp-content\/uploads\/2019\/09\/bioaqua-logo-350.jpg\",\"width\":350,\"height\":74,\"caption\":\"BioAqua - Lebendiges Trinkwasser frei von Schadstoffen\"},\"image\":{\"@id\":\"https:\/\/bioaqua.de\/es\/#\/schema\/logo\/image\/\"}}]}<\/script>\n<!-- \/ Yoast SEO plugin. -->","yoast_head_json":{"title":"Mineralizaci\u00f3n - BioAqua - Lebendiges Trinkwasser frei von Schadstoffen","robots":{"index":"index","follow":"follow","max-snippet":"max-snippet:-1","max-image-preview":"max-image-preview:large","max-video-preview":"max-video-preview:-1"},"canonical":"https:\/\/bioaqua.de\/es\/mineralizacion\/","og_locale":"es_ES","og_type":"article","og_title":"Mineralizaci\u00f3n - BioAqua - Lebendiges Trinkwasser frei von Schadstoffen","og_description":"Mineralizaci\u00f3n con los minerales naturales m\u00e1s valiosos En el ciclo natural del agua, el agua purificada regresa al suelo con la lluvia y entra en contacto con capas de roca y minerales. En la segunda etapa del sistema BioAqua, el agua purificada fluye a trav\u00e9s de una capa de los minerales naturales m\u00e1s valiosos, que [&hellip;]","og_url":"https:\/\/bioaqua.de\/es\/mineralizacion\/","og_site_name":"BioAqua - Lebendiges Trinkwasser frei von Schadstoffen","og_image":[{"url":"https:\/\/bioaqua.de\/wp-content\/uploads\/2020\/04\/Mineralisieren.jpg","type":"","width":"","height":""}],"twitter_card":"summary_large_image","schema":{"@context":"https:\/\/schema.org","@graph":[{"@type":"WebPage","@id":"https:\/\/bioaqua.de\/es\/mineralizacion\/","url":"https:\/\/bioaqua.de\/es\/mineralizacion\/","name":"Mineralizaci\u00f3n - BioAqua - Lebendiges Trinkwasser frei von Schadstoffen","isPartOf":{"@id":"https:\/\/bioaqua.de\/es\/#website"},"primaryImageOfPage":{"@id":"https:\/\/bioaqua.de\/es\/mineralizacion\/#primaryimage"},"image":{"@id":"https:\/\/bioaqua.de\/es\/mineralizacion\/#primaryimage"},"thumbnailUrl":"https:\/\/bioaqua.de\/wp-content\/uploads\/2020\/04\/Mineralisieren.jpg","datePublished":"2026-02-17T12:10:53+00:00","breadcrumb":{"@id":"https:\/\/bioaqua.de\/es\/mineralizacion\/#breadcrumb"},"inLanguage":"es","potentialAction":[{"@type":"ReadAction","target":["https:\/\/bioaqua.de\/es\/mineralizacion\/"]}]},{"@type":"ImageObject","inLanguage":"es","@id":"https:\/\/bioaqua.de\/es\/mineralizacion\/#primaryimage","url":"https:\/\/bioaqua.de\/wp-content\/uploads\/2020\/04\/Mineralisieren.jpg","contentUrl":"https:\/\/bioaqua.de\/wp-content\/uploads\/2020\/04\/Mineralisieren.jpg"},{"@type":"BreadcrumbList","@id":"https:\/\/bioaqua.de\/es\/mineralizacion\/#breadcrumb","itemListElement":[{"@type":"ListItem","position":1,"name":"Startseite","item":"https:\/\/bioaqua.de\/es\/"},{"@type":"ListItem","position":2,"name":"Mineralizaci\u00f3n"}]},{"@type":"WebSite","@id":"https:\/\/bioaqua.de\/es\/#website","url":"https:\/\/bioaqua.de\/es\/","name":"BioAqua - Lebendiges Trinkwasser frei von Schadstoffen","description":"Trinkwasseraufbereitung nach dem Vorbild der Natur f\u00fcr Haushalt und Gewerbe","publisher":{"@id":"https:\/\/bioaqua.de\/es\/#organization"},"potentialAction":[{"@type":"SearchAction","target":{"@type":"EntryPoint","urlTemplate":"https:\/\/bioaqua.de\/es\/?s={search_term_string}"},"query-input":{"@type":"PropertyValueSpecification","valueRequired":true,"valueName":"search_term_string"}}],"inLanguage":"es"},{"@type":"Organization","@id":"https:\/\/bioaqua.de\/es\/#organization","name":"BioAqua - Lebendiges Trinkwasser frei von Schadstoffen","url":"https:\/\/bioaqua.de\/es\/","logo":{"@type":"ImageObject","inLanguage":"es","@id":"https:\/\/bioaqua.de\/es\/#\/schema\/logo\/image\/","url":"https:\/\/bioaqua.de\/wp-content\/uploads\/2019\/09\/bioaqua-logo-350.jpg","contentUrl":"https:\/\/bioaqua.de\/wp-content\/uploads\/2019\/09\/bioaqua-logo-350.jpg","width":350,"height":74,"caption":"BioAqua - Lebendiges Trinkwasser frei von Schadstoffen"},"image":{"@id":"https:\/\/bioaqua.de\/es\/#\/schema\/logo\/image\/"}}]}},"_links":{"self":[{"href":"https:\/\/bioaqua.de\/es\/wp-json\/wp\/v2\/pages\/1435","targetHints":{"allow":["GET"]}}],"collection":[{"href":"https:\/\/bioaqua.de\/es\/wp-json\/wp\/v2\/pages"}],"about":[{"href":"https:\/\/bioaqua.de\/es\/wp-json\/wp\/v2\/types\/page"}],"author":[{"embeddable":true,"href":"https:\/\/bioaqua.de\/es\/wp-json\/wp\/v2\/users\/2"}],"replies":[{"embeddable":true,"href":"https:\/\/bioaqua.de\/es\/wp-json\/wp\/v2\/comments?post=1435"}],"version-history":[{"count":1,"href":"https:\/\/bioaqua.de\/es\/wp-json\/wp\/v2\/pages\/1435\/revisions"}],"predecessor-version":[{"id":1436,"href":"https:\/\/bioaqua.de\/es\/wp-json\/wp\/v2\/pages\/1435\/revisions\/1436"}],"wp:attachment":[{"href":"https:\/\/bioaqua.de\/es\/wp-json\/wp\/v2\/media?parent=1435"}],"curies":[{"name":"wp","href":"https:\/\/api.w.org\/{rel}","templated":true}]}}