{"id":1375,"date":"2026-02-17T12:26:16","date_gmt":"2026-02-17T11:26:16","guid":{"rendered":"http:\/\/s778584750.online.de\/?page_id=1375"},"modified":"2026-02-17T12:26:28","modified_gmt":"2026-02-17T11:26:28","slug":"contacta-ahora","status":"publish","type":"page","link":"https:\/\/bioaqua.de\/es\/contacta-ahora\/","title":{"rendered":"Contacta ahora"},"content":{"rendered":"\t\t<div data-elementor-type=\"wp-page\" data-elementor-id=\"1375\" class=\"elementor elementor-1375 elementor-2\">\n\t\t\t\t<div class=\"elementor-element elementor-element-30c74c0 e-con-full e-flex e-con e-parent\" data-id=\"30c74c0\" data-element_type=\"container\" data-e-type=\"container\">\n\t\t<div class=\"elementor-element elementor-element-b1c8ad1 e-con-full e-flex e-con e-child\" data-id=\"b1c8ad1\" data-element_type=\"container\" data-e-type=\"container\">\n\t\t\t\t<div class=\"elementor-element elementor-element-787a196 elementor-widget elementor-widget-google_maps\" data-id=\"787a196\" data-element_type=\"widget\" data-e-type=\"widget\" data-widget_type=\"google_maps.default\">\n\t\t\t\t<div class=\"elementor-widget-container\">\n\t\t\t\t\t\t\t<div class=\"elementor-custom-embed\">\n\t\t\t<iframe loading=\"lazy\"\n\t\t\t\t\tsrc=\"https:\/\/maps.google.com\/maps?q=Neuffenstrasse%2026%2C%2073630%20Remshalden%2C%20Deutschland&#038;t=m&#038;z=12&#038;output=embed&#038;iwloc=near\"\n\t\t\t\t\ttitle=\"Neuffenstrasse 26, 73630 Remshalden, Deutschland\"\n\t\t\t\t\taria-label=\"Neuffenstrasse 26, 73630 Remshalden, Deutschland\"\n\t\t\t><\/iframe>\n\t\t<\/div>\n\t\t\t\t\t\t<\/div>\n\t\t\t\t<\/div>\n\t\t\t\t<\/div>\n\t\t\t\t<\/div>\n\t\t<div class=\"elementor-element elementor-element-635d1cd e-flex e-con-boxed e-con e-parent\" data-id=\"635d1cd\" data-element_type=\"container\" data-e-type=\"container\">\n\t\t\t\t\t<div class=\"e-con-inner\">\n\t\t<div class=\"elementor-element elementor-element-a32aeba e-con-full e-flex e-con e-child\" data-id=\"a32aeba\" data-element_type=\"container\" data-e-type=\"container\">\n\t\t\t\t<div class=\"elementor-element elementor-element-28afd82 elementor-widget elementor-widget-heading\" data-id=\"28afd82\" data-element_type=\"widget\" data-e-type=\"widget\" data-widget_type=\"heading.default\">\n\t\t\t\t<div class=\"elementor-widget-container\">\n\t\t\t\t\t<h2 class=\"elementor-heading-title elementor-size-default\">Normalmente estamos en visitas a clientes o en el montaje. <\/h2>\t\t\t\t<\/div>\n\t\t\t\t<\/div>\n\t\t\t\t<div class=\"elementor-element elementor-element-af2f335 elementor-widget elementor-widget-heading\" data-id=\"af2f335\" data-element_type=\"widget\" data-e-type=\"widget\" data-widget_type=\"heading.default\">\n\t\t\t\t<div class=\"elementor-widget-container\">\n\t\t\t\t\t<h2 class=\"elementor-heading-title elementor-size-default\">Por favor, pida cita por correo electr\u00f3nico o tel\u00e9fono.<\/h2>\t\t\t\t<\/div>\n\t\t\t\t<\/div>\n\t\t\t\t<\/div>\n\t\t\t\t\t<\/div>\n\t\t\t\t<\/div>\n\t\t<div class=\"elementor-element elementor-element-ac45061 e-flex e-con-boxed e-con e-parent\" data-id=\"ac45061\" data-element_type=\"container\" data-e-type=\"container\" data-settings=\"{&quot;background_background&quot;:&quot;classic&quot;}\">\n\t\t\t\t\t<div class=\"e-con-inner\">\n\t\t<div class=\"elementor-element elementor-element-46b07ea e-con-full e-flex e-con e-child\" data-id=\"46b07ea\" data-element_type=\"container\" data-e-type=\"container\">\n\t\t\t\t<div class=\"elementor-element elementor-element-aec9190 elementor-position-top elementor-widget elementor-widget-image-box\" data-id=\"aec9190\" data-element_type=\"widget\" data-e-type=\"widget\" data-widget_type=\"image-box.default\">\n\t\t\t\t<div class=\"elementor-widget-container\">\n\t\t\t\t\t<div class=\"elementor-image-box-wrapper\"><figure class=\"elementor-image-box-img\"><a href=\"https:\/\/goo.gl\/maps\/JbWPNwaB7f1Na3KC9\" target=\"_blank\" rel=\"nofollow\" tabindex=\"-1\"><img decoding=\"async\" width=\"52\" height=\"52\" src=\"https:\/\/bioaqua.de\/wp-content\/uploads\/2017\/08\/map.png\" class=\"attachment-full size-full wp-image-1279\" alt=\"\" \/><\/a><\/figure><div class=\"elementor-image-box-content\"><p class=\"elementor-image-box-description\"><a href=\"https:\/\/maps.app.goo.gl\/Jst9E7GkxJgDsYus6\" target=\"_blank\">Neuffenstrasse 26<br>73630 Remshalden<\/a><\/p><\/div><\/div>\t\t\t\t<\/div>\n\t\t\t\t<\/div>\n\t\t\t\t<\/div>\n\t\t<div class=\"elementor-element elementor-element-f91227f e-con-full e-flex e-con e-child\" data-id=\"f91227f\" data-element_type=\"container\" data-e-type=\"container\">\n\t\t\t\t<div class=\"elementor-element elementor-element-c5f40ef elementor-position-top elementor-widget elementor-widget-image-box\" data-id=\"c5f40ef\" data-element_type=\"widget\" data-e-type=\"widget\" data-widget_type=\"image-box.default\">\n\t\t\t\t<div class=\"elementor-widget-container\">\n\t\t\t\t\t<div class=\"elementor-image-box-wrapper\"><figure class=\"elementor-image-box-img\"><a href=\"tel:00491797256544\u200b\" tabindex=\"-1\"><img decoding=\"async\" width=\"52\" height=\"52\" src=\"https:\/\/bioaqua.de\/wp-content\/uploads\/2017\/08\/phone.png\" class=\"attachment-full size-full wp-image-1280\" alt=\"\" \/><\/a><\/figure><div class=\"elementor-image-box-content\"><p class=\"elementor-image-box-description\">Fon: <a href=\"tel:004971512563303\">+49 7151 256 3303<\/a><br>Mobil: <a href=\"tel:0049173%208312991\">+49 173 831 2991<\/a><\/p><\/div><\/div>\t\t\t\t<\/div>\n\t\t\t\t<\/div>\n\t\t\t\t<\/div>\n\t\t<div class=\"elementor-element elementor-element-66708ed e-con-full e-flex e-con e-child\" data-id=\"66708ed\" data-element_type=\"container\" data-e-type=\"container\">\n\t\t\t\t<div class=\"elementor-element elementor-element-7905b5c elementor-position-top elementor-widget elementor-widget-image-box\" data-id=\"7905b5c\" data-element_type=\"widget\" data-e-type=\"widget\" data-widget_type=\"image-box.default\">\n\t\t\t\t<div class=\"elementor-widget-container\">\n\t\t\t\t\t<div class=\"elementor-image-box-wrapper\"><figure class=\"elementor-image-box-img\"><a href=\"mailto:info@bioaqua.de\" tabindex=\"-1\"><img decoding=\"async\" width=\"52\" height=\"52\" src=\"https:\/\/bioaqua.de\/wp-content\/uploads\/2017\/08\/email.png\" class=\"attachment-full size-full wp-image-1281\" alt=\"Envelop\" \/><\/a><\/figure><div class=\"elementor-image-box-content\"><p class=\"elementor-image-box-description\">Correo electr\u00f3nico: <a>info@bioaqua.de<\/a><\/br>\nPor favor, utilice el formulario de contacto<\/p><\/div><\/div>\t\t\t\t<\/div>\n\t\t\t\t<\/div>\n\t\t\t\t<\/div>\n\t\t\t\t\t<\/div>\n\t\t\t\t<\/div>\n\t\t<div class=\"elementor-element elementor-element-2600484 e-flex e-con-boxed e-con e-parent\" data-id=\"2600484\" data-element_type=\"container\" data-e-type=\"container\" data-settings=\"{&quot;background_background&quot;:&quot;classic&quot;}\">\n\t\t\t\t\t<div class=\"e-con-inner\">\n\t\t<div class=\"elementor-element elementor-element-4d077af e-con-full e-flex e-con e-child\" data-id=\"4d077af\" data-element_type=\"container\" data-e-type=\"container\">\n\t\t\t\t<\/div>\n\t\t<div class=\"elementor-element elementor-element-416dd69 e-con-full e-flex e-con e-child\" data-id=\"416dd69\" data-element_type=\"container\" data-e-type=\"container\" data-settings=\"{&quot;background_background&quot;:&quot;classic&quot;}\">\n\t\t\t\t<div class=\"elementor-element elementor-element-796ba19 elementor-widget elementor-widget-heading\" data-id=\"796ba19\" data-element_type=\"widget\" data-e-type=\"widget\" data-widget_type=\"heading.default\">\n\t\t\t\t<div class=\"elementor-widget-container\">\n\t\t\t\t\t<h3 class=\"elementor-heading-title elementor-size-default\">\u00bfPedir cita? \u00bfConvertirme en socio? \u00bfTienes alguna pregunta? <br><br>\u00a1Estamos aqu\u00ed para ti!<\/h3>\t\t\t\t<\/div>\n\t\t\t\t<\/div>\n\t\t\t\t<div class=\"elementor-element elementor-element-f4e2077 elementor-widget elementor-widget-text-editor\" data-id=\"f4e2077\" data-element_type=\"widget\" data-e-type=\"widget\" data-widget_type=\"text-editor.default\">\n\t\t\t\t<div class=\"elementor-widget-container\">\n\t\t\t\t\t\t\t\t\t<p style=\"text-align: center;\">Los correos electr\u00f3nicos y mensajes suelen responderse en un d\u00eda laborable. <br>Esperamos poder asesorarte personalmente.<\/p>\t\t\t\t\t\t\t\t<\/div>\n\t\t\t\t<\/div>\n\t\t\t\t<div class=\"elementor-element elementor-element-fab6316 elementor-widget elementor-widget-shortcode\" data-id=\"fab6316\" data-element_type=\"widget\" data-e-type=\"widget\" data-widget_type=\"shortcode.default\">\n\t\t\t\t<div class=\"elementor-widget-container\">\n\t\t\t\t\t\t\t<div class=\"elementor-shortcode\"><div class=\"wpforms-container \" id=\"wpforms-30\"><form id=\"wpforms-form-30\" class=\"wpforms-validate wpforms-form\" data-formid=\"30\" method=\"post\" enctype=\"multipart\/form-data\" action=\"\/es\/wp-json\/wp\/v2\/pages\/1375\" data-token=\"e8875772e20fe0fac3e17b89d2fa9d66\" data-token-time=\"1775809262\"><noscript class=\"wpforms-error-noscript\">Por favor, activa JavaScript en tu navegador para completar este formulario.<\/noscript><div class=\"wpforms-field-container\"><div id=\"wpforms-30-field_0-container\" class=\"wpforms-field wpforms-field-name\" data-field-id=\"0\"><label class=\"wpforms-field-label wpforms-label-hide\" for=\"wpforms-30-field_0\">Nombre <span class=\"wpforms-required-label\">*<\/span><\/label><input type=\"text\" id=\"wpforms-30-field_0\" class=\"wpforms-field-large wpforms-field-required\" name=\"wpforms[fields][0]\" placeholder=\"Tu nombre\" required><\/div><div id=\"wpforms-30-field_1-container\" class=\"wpforms-field wpforms-field-email\" data-field-id=\"1\"><label class=\"wpforms-field-label wpforms-label-hide\" for=\"wpforms-30-field_1\">Direcci\u00f3n de correo electr\u00f3nico <span class=\"wpforms-required-label\">*<\/span><\/label><input type=\"email\" id=\"wpforms-30-field_1\" class=\"wpforms-field-large wpforms-field-required\" name=\"wpforms[fields][1]\" placeholder=\"Tu direcci\u00f3n de correo electr\u00f3nico\" spellcheck=\"false\" required><\/div><div id=\"wpforms-30-field_3-container\" class=\"wpforms-field wpforms-field-text\" data-field-id=\"3\"><label class=\"wpforms-field-label wpforms-label-hide\" for=\"wpforms-30-field_3\">N\u00famero de tel\u00e9fono<\/label><input type=\"text\" id=\"wpforms-30-field_3\" class=\"wpforms-field-large\" name=\"wpforms[fields][3]\" placeholder=\"Tu n\u00famero de tel\u00e9fono (por si quieres que te devuelvan la llamada)\" ><\/div>\t\t<div id=\"wpforms-30-field_4-container\"\n\t\t\tclass=\"wpforms-field wpforms-field-text\"\n\t\t\tdata-field-type=\"text\"\n\t\t\tdata-field-id=\"4\"\n\t\t\t>\n\t\t\t<label class=\"wpforms-field-label\" for=\"wpforms-30-field_4\" >mensaje Tu de<\/label>\n\t\t\t<input type=\"text\" id=\"wpforms-30-field_4\" class=\"wpforms-field-medium\" name=\"wpforms[fields][4]\" >\n\t\t<\/div>\n\t\t<div id=\"wpforms-30-field_2-container\" class=\"wpforms-field wpforms-field-textarea\" data-field-id=\"2\"><label class=\"wpforms-field-label wpforms-label-hide\" for=\"wpforms-30-field_2\">Tu mensaje \/ Consulta <span class=\"wpforms-required-label\">*<\/span><\/label><textarea id=\"wpforms-30-field_2\" class=\"wpforms-field-large wpforms-field-required\" name=\"wpforms[fields][2]\" placeholder=\"Tu mensaje \/ Consulta\" required><\/textarea><\/div><script>\n\t\t\t\t( function() {\n\t\t\t\t\tconst style = document.createElement( 'style' );\n\t\t\t\t\tstyle.appendChild( document.createTextNode( '#wpforms-30-field_4-container { position: absolute !important; overflow: hidden !important; display: inline !important; height: 1px !important; width: 1px !important; z-index: -1000 !important; padding: 0 !important; } #wpforms-30-field_4-container input { visibility: hidden; } #wpforms-conversational-form-page #wpforms-30-field_4-container label { counter-increment: none; }' ) );\n\t\t\t\t\tdocument.head.appendChild( style );\n\t\t\t\t\tdocument.currentScript?.remove();\n\t\t\t\t} )();\n\t\t\t<\/script><\/div><!-- .wpforms-field-container --><div class=\"wpforms-field wpforms-field-hp\"><label for=\"wpforms-30-field-hp\" class=\"wpforms-field-label\">Message<\/label><input type=\"text\" name=\"wpforms[hp]\" id=\"wpforms-30-field-hp\" class=\"wpforms-field-medium\"><\/div><div class=\"wpforms-submit-container\" ><input type=\"hidden\" name=\"wpforms[id]\" value=\"30\"><input type=\"hidden\" name=\"page_title\" value=\"\"><input type=\"hidden\" name=\"page_url\" value=\"https:\/\/bioaqua.de\/es\/wp-json\/wp\/v2\/pages\/1375\"><input type=\"hidden\" name=\"url_referer\" value=\"\"><button type=\"submit\" name=\"wpforms[submit]\" id=\"wpforms-submit-30\" class=\"wpforms-submit\" data-alt-text=\"Env\u00edo...\" data-submit-text=\"ENVIAR\" aria-live=\"assertive\" value=\"wpforms-submit\">ENVIAR<\/button><\/div><\/form><\/div>  <!-- .wpforms-container --><\/div>\n\t\t\t\t\t\t<\/div>\n\t\t\t\t<\/div>\n\t\t\t\t<div class=\"elementor-element elementor-element-571edb5 elementor-hidden-desktop elementor-hidden-tablet elementor-hidden-mobile elementor-widget elementor-widget-text-editor\" data-id=\"571edb5\" data-element_type=\"widget\" data-e-type=\"widget\" data-widget_type=\"text-editor.default\">\n\t\t\t\t<div class=\"elementor-widget-container\">\n\t\t\t\t\t\t\t\t\t<p>BioAqua arbeitet ausschlie\u00dflich mit von uns geschulten Partnern zusammen, um eine optimale Beratung des Kunden sicherzustellen.<\/p><p>Wir bieten Ihnen verschiedene M\u00f6glichkeiten einer Zusammenarbeit an. Dies reicht von einer reinen Empfehlungsgebert\u00e4tigkeit \u00fcber die T\u00e4tigkeit des Haupt oder Nebenberuflichem Vertriebspartners von BioAqua. <\/p><p>Hierbei richten wir uns vollkommen nach Ihren W\u00fcnschen und zeitlichen M\u00f6glichkeiten.<\/p><p>Wir w\u00fcrden uns freuen, wenn Sie Kontakt mit uns aufnehmen. Gerne stellen wir Ihnen pers\u00f6nlich die verschiedenen M\u00f6glichkeiten einer Zusammenarbeit vor. <\/p>\t\t\t\t\t\t\t\t<\/div>\n\t\t\t\t<\/div>\n\t\t\t\t<\/div>\n\t\t<div class=\"elementor-element elementor-element-bf4d5a0 e-con-full e-flex e-con e-child\" data-id=\"bf4d5a0\" data-element_type=\"container\" data-e-type=\"container\">\n\t\t\t\t<\/div>\n\t\t\t\t\t<\/div>\n\t\t\t\t<\/div>\n\t\t\t\t<\/div>\n\t\t","protected":false},"excerpt":{"rendered":"<p>Normalmente estamos en visitas a clientes o en el montaje. Por favor, pida cita por correo electr\u00f3nico o tel\u00e9fono. Neuffenstrasse 2673630 Remshalden Fon: +49 7151 256 3303Mobil: +49 173 831 2991 Correo electr\u00f3nico: info@bioaqua.de Por favor, utilice el formulario de contacto \u00bfPedir cita? \u00bfConvertirme en socio? \u00bfTienes alguna pregunta? \u00a1Estamos aqu\u00ed para ti! Los correos [&hellip;]<\/p>\n","protected":false},"author":2,"featured_media":0,"parent":0,"menu_order":80,"comment_status":"closed","ping_status":"closed","template":"","meta":{"site-sidebar-layout":"default","site-content-layout":"default","ast-site-content-layout":"default","site-content-style":"default","site-sidebar-style":"default","ast-global-header-display":"","ast-banner-title-visibility":"","ast-main-header-display":"","ast-hfb-above-header-display":"","ast-hfb-below-header-display":"","ast-hfb-mobile-header-display":"","site-post-title":"disabled","ast-breadcrumbs-content":"","ast-featured-img":"disabled","footer-sml-layout":"","ast-disable-related-posts":"","theme-transparent-header-meta":"default","adv-header-id-meta":"","stick-header-meta":"default","header-above-stick-meta":"","header-main-stick-meta":"","header-below-stick-meta":"","astra-migrate-meta-layouts":"set","ast-page-background-enabled":"default","ast-page-background-meta":{"desktop":{"background-color":"","background-image":"","background-repeat":"repeat","background-position":"center center","background-size":"auto","background-attachment":"scroll","background-type":"","background-media":"","overlay-type":"","overlay-color":"","overlay-opacity":"","overlay-gradient":""},"tablet":{"background-color":"","background-image":"","background-repeat":"repeat","background-position":"center center","background-size":"auto","background-attachment":"scroll","background-type":"","background-media":"","overlay-type":"","overlay-color":"","overlay-opacity":"","overlay-gradient":""},"mobile":{"background-color":"","background-image":"","background-repeat":"repeat","background-position":"center center","background-size":"auto","background-attachment":"scroll","background-type":"","background-media":"","overlay-type":"","overlay-color":"","overlay-opacity":"","overlay-gradient":""}},"ast-content-background-meta":{"desktop":{"background-color":"var(--ast-global-color-5)","background-image":"","background-repeat":"repeat","background-position":"center center","background-size":"auto","background-attachment":"scroll","background-type":"","background-media":"","overlay-type":"","overlay-color":"","overlay-opacity":"","overlay-gradient":""},"tablet":{"background-color":"var(--ast-global-color-5)","background-image":"","background-repeat":"repeat","background-position":"center center","background-size":"auto","background-attachment":"scroll","background-type":"","background-media":"","overlay-type":"","overlay-color":"","overlay-opacity":"","overlay-gradient":""},"mobile":{"background-color":"var(--ast-global-color-5)","background-image":"","background-repeat":"repeat","background-position":"center center","background-size":"auto","background-attachment":"scroll","background-type":"","background-media":"","overlay-type":"","overlay-color":"","overlay-opacity":"","overlay-gradient":""}},"footnotes":""},"class_list":["post-1375","page","type-page","status-publish","hentry"],"yoast_head":"<!-- This site is optimized with the Yoast SEO plugin v26.9 - https:\/\/yoast.com\/product\/yoast-seo-wordpress\/ -->\n<title>Contacta ahora - BioAqua - Lebendiges Trinkwasser frei von Schadstoffen<\/title>\n<meta name=\"robots\" content=\"index, follow, max-snippet:-1, max-image-preview:large, max-video-preview:-1\" \/>\n<link rel=\"canonical\" href=\"https:\/\/bioaqua.de\/es\/contacta-ahora\/\" \/>\n<meta property=\"og:locale\" content=\"es_ES\" \/>\n<meta property=\"og:type\" content=\"article\" \/>\n<meta property=\"og:title\" content=\"Contacta ahora - BioAqua - Lebendiges Trinkwasser frei von Schadstoffen\" \/>\n<meta property=\"og:description\" content=\"Normalmente estamos en visitas a clientes o en el montaje. Por favor, pida cita por correo electr\u00f3nico o tel\u00e9fono. Neuffenstrasse 2673630 Remshalden Fon: +49 7151 256 3303Mobil: +49 173 831 2991 Correo electr\u00f3nico: info@bioaqua.de Por favor, utilice el formulario de contacto \u00bfPedir cita? \u00bfConvertirme en socio? \u00bfTienes alguna pregunta? \u00a1Estamos aqu\u00ed para ti! Los correos [&hellip;]\" \/>\n<meta property=\"og:url\" content=\"https:\/\/bioaqua.de\/es\/contacta-ahora\/\" \/>\n<meta property=\"og:site_name\" content=\"BioAqua - Lebendiges Trinkwasser frei von Schadstoffen\" \/>\n<meta property=\"article:modified_time\" content=\"2026-02-17T11:26:28+00:00\" \/>\n<meta property=\"og:image\" content=\"https:\/\/bioaqua.de\/wp-content\/uploads\/2017\/08\/map.png\" \/>\n<meta name=\"twitter:card\" content=\"summary_large_image\" \/>\n<meta name=\"twitter:label1\" content=\"Tiempo de lectura\" \/>\n\t<meta name=\"twitter:data1\" content=\"2 minutos\" \/>\n<script type=\"application\/ld+json\" class=\"yoast-schema-graph\">{\"@context\":\"https:\/\/schema.org\",\"@graph\":[{\"@type\":\"WebPage\",\"@id\":\"https:\/\/bioaqua.de\/es\/contacta-ahora\/\",\"url\":\"https:\/\/bioaqua.de\/es\/contacta-ahora\/\",\"name\":\"Contacta ahora - BioAqua - Lebendiges Trinkwasser frei von Schadstoffen\",\"isPartOf\":{\"@id\":\"https:\/\/bioaqua.de\/es\/#website\"},\"primaryImageOfPage\":{\"@id\":\"https:\/\/bioaqua.de\/es\/contacta-ahora\/#primaryimage\"},\"image\":{\"@id\":\"https:\/\/bioaqua.de\/es\/contacta-ahora\/#primaryimage\"},\"thumbnailUrl\":\"https:\/\/bioaqua.de\/wp-content\/uploads\/2017\/08\/map.png\",\"datePublished\":\"2026-02-17T11:26:16+00:00\",\"dateModified\":\"2026-02-17T11:26:28+00:00\",\"breadcrumb\":{\"@id\":\"https:\/\/bioaqua.de\/es\/contacta-ahora\/#breadcrumb\"},\"inLanguage\":\"es\",\"potentialAction\":[{\"@type\":\"ReadAction\",\"target\":[\"https:\/\/bioaqua.de\/es\/contacta-ahora\/\"]}]},{\"@type\":\"ImageObject\",\"inLanguage\":\"es\",\"@id\":\"https:\/\/bioaqua.de\/es\/contacta-ahora\/#primaryimage\",\"url\":\"https:\/\/bioaqua.de\/wp-content\/uploads\/2017\/08\/map.png\",\"contentUrl\":\"https:\/\/bioaqua.de\/wp-content\/uploads\/2017\/08\/map.png\"},{\"@type\":\"BreadcrumbList\",\"@id\":\"https:\/\/bioaqua.de\/es\/contacta-ahora\/#breadcrumb\",\"itemListElement\":[{\"@type\":\"ListItem\",\"position\":1,\"name\":\"Startseite\",\"item\":\"https:\/\/bioaqua.de\/es\/\"},{\"@type\":\"ListItem\",\"position\":2,\"name\":\"Contacta ahora\"}]},{\"@type\":\"WebSite\",\"@id\":\"https:\/\/bioaqua.de\/es\/#website\",\"url\":\"https:\/\/bioaqua.de\/es\/\",\"name\":\"BioAqua - Lebendiges Trinkwasser frei von Schadstoffen\",\"description\":\"Trinkwasseraufbereitung nach dem Vorbild der Natur f\u00fcr Haushalt und Gewerbe\",\"publisher\":{\"@id\":\"https:\/\/bioaqua.de\/es\/#organization\"},\"potentialAction\":[{\"@type\":\"SearchAction\",\"target\":{\"@type\":\"EntryPoint\",\"urlTemplate\":\"https:\/\/bioaqua.de\/es\/?s={search_term_string}\"},\"query-input\":{\"@type\":\"PropertyValueSpecification\",\"valueRequired\":true,\"valueName\":\"search_term_string\"}}],\"inLanguage\":\"es\"},{\"@type\":\"Organization\",\"@id\":\"https:\/\/bioaqua.de\/es\/#organization\",\"name\":\"BioAqua - Lebendiges Trinkwasser frei von Schadstoffen\",\"url\":\"https:\/\/bioaqua.de\/es\/\",\"logo\":{\"@type\":\"ImageObject\",\"inLanguage\":\"es\",\"@id\":\"https:\/\/bioaqua.de\/es\/#\/schema\/logo\/image\/\",\"url\":\"https:\/\/bioaqua.de\/wp-content\/uploads\/2019\/09\/bioaqua-logo-350.jpg\",\"contentUrl\":\"https:\/\/bioaqua.de\/wp-content\/uploads\/2019\/09\/bioaqua-logo-350.jpg\",\"width\":350,\"height\":74,\"caption\":\"BioAqua - Lebendiges Trinkwasser frei von Schadstoffen\"},\"image\":{\"@id\":\"https:\/\/bioaqua.de\/es\/#\/schema\/logo\/image\/\"}}]}<\/script>\n<!-- \/ Yoast SEO plugin. -->","yoast_head_json":{"title":"Contacta ahora - BioAqua - Lebendiges Trinkwasser frei von Schadstoffen","robots":{"index":"index","follow":"follow","max-snippet":"max-snippet:-1","max-image-preview":"max-image-preview:large","max-video-preview":"max-video-preview:-1"},"canonical":"https:\/\/bioaqua.de\/es\/contacta-ahora\/","og_locale":"es_ES","og_type":"article","og_title":"Contacta ahora - BioAqua - Lebendiges Trinkwasser frei von Schadstoffen","og_description":"Normalmente estamos en visitas a clientes o en el montaje. Por favor, pida cita por correo electr\u00f3nico o tel\u00e9fono. Neuffenstrasse 2673630 Remshalden Fon: +49 7151 256 3303Mobil: +49 173 831 2991 Correo electr\u00f3nico: info@bioaqua.de Por favor, utilice el formulario de contacto \u00bfPedir cita? \u00bfConvertirme en socio? \u00bfTienes alguna pregunta? \u00a1Estamos aqu\u00ed para ti! Los correos [&hellip;]","og_url":"https:\/\/bioaqua.de\/es\/contacta-ahora\/","og_site_name":"BioAqua - Lebendiges Trinkwasser frei von Schadstoffen","article_modified_time":"2026-02-17T11:26:28+00:00","og_image":[{"url":"https:\/\/bioaqua.de\/wp-content\/uploads\/2017\/08\/map.png","type":"","width":"","height":""}],"twitter_card":"summary_large_image","twitter_misc":{"Tiempo de lectura":"2 minutos"},"schema":{"@context":"https:\/\/schema.org","@graph":[{"@type":"WebPage","@id":"https:\/\/bioaqua.de\/es\/contacta-ahora\/","url":"https:\/\/bioaqua.de\/es\/contacta-ahora\/","name":"Contacta ahora - BioAqua - Lebendiges Trinkwasser frei von Schadstoffen","isPartOf":{"@id":"https:\/\/bioaqua.de\/es\/#website"},"primaryImageOfPage":{"@id":"https:\/\/bioaqua.de\/es\/contacta-ahora\/#primaryimage"},"image":{"@id":"https:\/\/bioaqua.de\/es\/contacta-ahora\/#primaryimage"},"thumbnailUrl":"https:\/\/bioaqua.de\/wp-content\/uploads\/2017\/08\/map.png","datePublished":"2026-02-17T11:26:16+00:00","dateModified":"2026-02-17T11:26:28+00:00","breadcrumb":{"@id":"https:\/\/bioaqua.de\/es\/contacta-ahora\/#breadcrumb"},"inLanguage":"es","potentialAction":[{"@type":"ReadAction","target":["https:\/\/bioaqua.de\/es\/contacta-ahora\/"]}]},{"@type":"ImageObject","inLanguage":"es","@id":"https:\/\/bioaqua.de\/es\/contacta-ahora\/#primaryimage","url":"https:\/\/bioaqua.de\/wp-content\/uploads\/2017\/08\/map.png","contentUrl":"https:\/\/bioaqua.de\/wp-content\/uploads\/2017\/08\/map.png"},{"@type":"BreadcrumbList","@id":"https:\/\/bioaqua.de\/es\/contacta-ahora\/#breadcrumb","itemListElement":[{"@type":"ListItem","position":1,"name":"Startseite","item":"https:\/\/bioaqua.de\/es\/"},{"@type":"ListItem","position":2,"name":"Contacta ahora"}]},{"@type":"WebSite","@id":"https:\/\/bioaqua.de\/es\/#website","url":"https:\/\/bioaqua.de\/es\/","name":"BioAqua - Lebendiges Trinkwasser frei von Schadstoffen","description":"Trinkwasseraufbereitung nach dem Vorbild der Natur f\u00fcr Haushalt und Gewerbe","publisher":{"@id":"https:\/\/bioaqua.de\/es\/#organization"},"potentialAction":[{"@type":"SearchAction","target":{"@type":"EntryPoint","urlTemplate":"https:\/\/bioaqua.de\/es\/?s={search_term_string}"},"query-input":{"@type":"PropertyValueSpecification","valueRequired":true,"valueName":"search_term_string"}}],"inLanguage":"es"},{"@type":"Organization","@id":"https:\/\/bioaqua.de\/es\/#organization","name":"BioAqua - Lebendiges Trinkwasser frei von Schadstoffen","url":"https:\/\/bioaqua.de\/es\/","logo":{"@type":"ImageObject","inLanguage":"es","@id":"https:\/\/bioaqua.de\/es\/#\/schema\/logo\/image\/","url":"https:\/\/bioaqua.de\/wp-content\/uploads\/2019\/09\/bioaqua-logo-350.jpg","contentUrl":"https:\/\/bioaqua.de\/wp-content\/uploads\/2019\/09\/bioaqua-logo-350.jpg","width":350,"height":74,"caption":"BioAqua - Lebendiges Trinkwasser frei von Schadstoffen"},"image":{"@id":"https:\/\/bioaqua.de\/es\/#\/schema\/logo\/image\/"}}]}},"_links":{"self":[{"href":"https:\/\/bioaqua.de\/es\/wp-json\/wp\/v2\/pages\/1375","targetHints":{"allow":["GET"]}}],"collection":[{"href":"https:\/\/bioaqua.de\/es\/wp-json\/wp\/v2\/pages"}],"about":[{"href":"https:\/\/bioaqua.de\/es\/wp-json\/wp\/v2\/types\/page"}],"author":[{"embeddable":true,"href":"https:\/\/bioaqua.de\/es\/wp-json\/wp\/v2\/users\/2"}],"replies":[{"embeddable":true,"href":"https:\/\/bioaqua.de\/es\/wp-json\/wp\/v2\/comments?post=1375"}],"version-history":[{"count":2,"href":"https:\/\/bioaqua.de\/es\/wp-json\/wp\/v2\/pages\/1375\/revisions"}],"predecessor-version":[{"id":1429,"href":"https:\/\/bioaqua.de\/es\/wp-json\/wp\/v2\/pages\/1375\/revisions\/1429"}],"wp:attachment":[{"href":"https:\/\/bioaqua.de\/es\/wp-json\/wp\/v2\/media?parent=1375"}],"curies":[{"name":"wp","href":"https:\/\/api.w.org\/{rel}","templated":true}]}}